{"id":22,"date":"2024-11-09T16:20:21","date_gmt":"2024-11-09T13:20:21","guid":{"rendered":"https:\/\/www.libelle.com.tr\/?page_id=22"},"modified":"2024-11-17T22:50:27","modified_gmt":"2024-11-17T19:50:27","slug":"hakkimizda","status":"publish","type":"page","link":"https:\/\/www.libelle.com.tr\/index.php\/hakkimizda\/","title":{"rendered":"Hakk\u0131m\u0131zda"},"content":{"rendered":"\t\t<div data-elementor-type=\"wp-page\" data-elementor-id=\"22\" class=\"elementor elementor-22\">\n\t\t\t\t<div class=\"elementor-element elementor-element-e4d2e6e e-con-full e-flex e-con e-parent\" data-id=\"e4d2e6e\" data-element_type=\"container\" data-settings=\"{&quot;background_background&quot;:&quot;classic&quot;}\">\n\t\t\t\t<div class=\"elementor-element elementor-element-ebebb34 elementor-widget elementor-widget-heading\" data-id=\"ebebb34\" data-element_type=\"widget\" data-widget_type=\"heading.default\">\n\t\t\t\t<div class=\"elementor-widget-container\">\n\t\t\t<h2 class=\"elementor-heading-title elementor-size-default\">Hakk\u0131m\u0131zda<\/h2>\t\t<\/div>\n\t\t\t\t<\/div>\n\t\t\t\t<\/div>\n\t\t<div class=\"elementor-element elementor-element-de2c641 e-con-full e-flex e-con e-parent\" data-id=\"de2c641\" data-element_type=\"container\">\n\t\t\t\t<div class=\"elementor-element elementor-element-3470a7a elementor-widget elementor-widget-text-editor\" data-id=\"3470a7a\" data-element_type=\"widget\" data-widget_type=\"text-editor.default\">\n\t\t\t\t<div class=\"elementor-widget-container\">\n\t\t\t\t\t\t\t<p>Libelle Su Filtrasyonlu Sa\u011fl\u0131k ve Temizlik Robotu, T\u00fcrkiye\u2019 de kullan\u0131lmaya ba\u015flanmas\u0131ndan bu zamana 22 y\u0131l ge\u00e7ti. \u00dcst\u00fcn temizlik kalitesi, kullan\u0131m kolayl\u0131\u011f\u0131, par\u00e7a zenginli\u011fi vb. ger\u00e7ek temizlik ad\u0131na \u00fczerinde bulunan t\u00fcm \u00f6zellikleriyle ev han\u0131mlar\u0131n\u0131n vazge\u00e7ilmezi oldu.\u00a0T\u00fcrkiye\u2019 de yakla\u015f\u0131k 400 bin evde \u015fu an Libelle Su Filtrasyonlu Sa\u011fl\u0131k ve Temizlik Robotu kullan\u0131l\u0131yor.\u00a0<\/p><p>\u201dLibelle ba\u015fka bir temizlik yap\u0131yor\u201d diyen han\u0131mlar\u0131n art\u0131k y\u0131llar ge\u00e7se de aman bir \u015fey olmas\u0131n diye \u00fczerine titredikleri bir\u00a0Libelle\u00a0 Sa\u011fl\u0131k ve Temizlik Robotu var.\u00a0Libelle Su Filtrasyonlu Sa\u011fl\u0131k ve Temizlik Robotu en b\u00fcy\u00fck yard\u0131mc\u0131s\u0131 ise Libelle Teknik Servis olmu\u015ftur.\u00a0Orijinal Par\u00e7a kullan\u0131m\u0131na verdi\u011fi \u00f6zen, uzman teknik servis, \u00fccretsiz kargo, inan\u0131lmaz kazan\u00e7l\u0131 kampanyalar\u0131 ile Libelle Teknik Servis, Libelle Su Filtrasyonlu\u00a0Sa\u011fl\u0131k ve Temizlik Robotu kullan\u0131c\u0131lar\u0131na sat\u0131\u015f sonras\u0131 destek vermektedir.<\/p><p>\u00a0<\/p><p><strong>www.libelle.com.tr<\/strong>\u00a0ile art\u0131k Libelle Su Filtrasyonlu Sa\u011fl\u0131k ve Temizlik Robotu ile ilgili her \u015feyi tek adreste bulabileceksiniz.<\/p><p>\u00a0<\/p><p>Bizi takip edin. Sa\u011fl\u0131cakla kal\u0131n.<\/p>\t\t\t\t\t\t<\/div>\n\t\t\t\t<\/div>\n\t\t\t\t<\/div>\n\t\t\t\t<\/div>\n\t\t","protected":false},"excerpt":{"rendered":"<p>Hakk\u0131m\u0131zda Libelle Su Filtrasyonlu Sa\u011fl\u0131k ve Temizlik Robotu, T\u00fcrkiye\u2019 de kullan\u0131lmaya ba\u015flanmas\u0131ndan bu zamana 22 y\u0131l ge\u00e7ti. \u00dcst\u00fcn temizlik kalitesi, kullan\u0131m kolayl\u0131\u011f\u0131, par\u00e7a zenginli\u011fi vb. ger\u00e7ek temizlik ad\u0131na \u00fczerinde bulunan t\u00fcm \u00f6zellikleriyle ev han\u0131mlar\u0131n\u0131n vazge\u00e7ilmezi oldu.\u00a0T\u00fcrkiye\u2019 de yakla\u015f\u0131k 400 bin evde \u015fu an Libelle Su Filtrasyonlu Sa\u011fl\u0131k ve Temizlik Robotu kullan\u0131l\u0131yor.\u00a0 \u201dLibelle ba\u015fka bir temizlik [&hellip;]<\/p>\n","protected":false},"author":1,"featured_media":0,"parent":0,"menu_order":0,"comment_status":"closed","ping_status":"closed","template":"elementor_header_footer","meta":{"footnotes":""},"class_list":["post-22","page","type-page","status-publish","hentry","entry"],"_links":{"self":[{"href":"https:\/\/www.libelle.com.tr\/index.php\/wp-json\/wp\/v2\/pages\/22","targetHints":{"allow":["GET"]}}],"collection":[{"href":"https:\/\/www.libelle.com.tr\/index.php\/wp-json\/wp\/v2\/pages"}],"about":[{"href":"https:\/\/www.libelle.com.tr\/index.php\/wp-json\/wp\/v2\/types\/page"}],"author":[{"embeddable":true,"href":"https:\/\/www.libelle.com.tr\/index.php\/wp-json\/wp\/v2\/users\/1"}],"replies":[{"embeddable":true,"href":"https:\/\/www.libelle.com.tr\/index.php\/wp-json\/wp\/v2\/comments?post=22"}],"version-history":[{"count":4,"href":"https:\/\/www.libelle.com.tr\/index.php\/wp-json\/wp\/v2\/pages\/22\/revisions"}],"predecessor-version":[{"id":222,"href":"https:\/\/www.libelle.com.tr\/index.php\/wp-json\/wp\/v2\/pages\/22\/revisions\/222"}],"wp:attachment":[{"href":"https:\/\/www.libelle.com.tr\/index.php\/wp-json\/wp\/v2\/media?parent=22"}],"curies":[{"name":"wp","href":"https:\/\/api.w.org\/{rel}","templated":true}]}}